{"id":1594,"date":"2021-02-26T10:57:49","date_gmt":"2021-02-26T09:57:49","guid":{"rendered":"https:\/\/www.ifi4you.com\/?page_id=1594"},"modified":"2022-07-17T22:21:29","modified_gmt":"2022-07-17T20:21:29","slug":"iletisim","status":"publish","type":"page","link":"https:\/\/ifi4you.com\/tr\/iletisim\/","title":{"rendered":"\u0130leti\u015fim"},"content":{"rendered":"<!--themify_builder_content-->\n<div id=\"themify_builder_content-1594\" data-postid=\"1594\" class=\"themify_builder_content themify_builder_content-1594 themify_builder tf_clear\">\n    \t<!-- module_row -->\n\t<div  data-css_id=\"c7hg338\" data-lazy=\"1\" class=\"module_row themify_builder_row fullwidth_row_container tb_c7hg338 tb_first tf_clearfix\" >\n\t    \t\t<div class=\"row_inner col_align_top col-count-1 tf_box tf_w tf_rel\">\n\t\t\t<div  data-lazy=\"1\" class=\"module_column tb-column col-full first tb_7mwo339 tf_box\">\n\t\t\t    \t        <div class=\"tb-column-inner tf_box tf_w\">\n\t\t    <!-- module image -->\n<div  class=\"module module-image tb_rdki339 drop-shadow  image-center tf_mw\" data-lazy=\"1\">\n        <div class=\"image-wrap tf_rel tf_mw\">\n\t\t    <img src=\"https:\/\/ifi4you.com\/tr\/hasan-org-500\/\" title=\"\u0130leti\u015fim\" alt=\"\u0130leti\u015fim\">\t\n\t\t<\/div>\n\t<!-- \/image-wrap -->\n    \n    \t<\/div>\n<!-- \/module image -->\t        <\/div>\n\t    \t<\/div>\n\t\t    <\/div>\n\t    <!-- \/row_inner -->\n\t<\/div>\n\t<!-- \/module_row -->\n\t\t<!-- module_row -->\n\t<div  data-anchor=\"kontakt\" data-hide-anchor=\"1\" data-css_id=\"5mfj250\" data-lazy=\"1\" class=\"module_row themify_builder_row fullwidth_row_container tb_has_section tb_section-kontakt tb_5mfj250 tf_clearfix\" >\n\t    \t\t<div class=\"row_inner col_align_top col-count-1 tf_box tf_w tf_rel\">\n\t\t\t<div  data-lazy=\"1\" class=\"module_column tb-column col-full first tb_92su251 tf_box\">\n\t\t\t    \t        <div class=\"tb-column-inner tf_box tf_w\">\n\t\t    <!-- module text -->\n<div  class=\"module module-text tb_um5e251   \" data-lazy=\"1\">\n        <div  class=\"tb_text_wrap\">\n    <h2 style=\"text-align: center;\">Gelece\u011fi birlikte \u015fekillendirelim!<\/h2>\n<h2 style=\"text-align: center;\">Bize yaz\u0131n!<\/h2>    <\/div>\n<\/div>\n<!-- \/module text --><!-- module text -->\n<div  class=\"module module-text tb_t3sb251    hide-tablet hide-tablet_landscape\" data-lazy=\"1\">\n        <div  class=\"tb_text_wrap\">\n    <p style=\"text-align: center;\"><div class=\"wpforms-container wpforms-container-full\" id=\"wpforms-139\"><form id=\"wpforms-form-139\" class=\"wpforms-validate wpforms-form\" data-formid=\"139\" method=\"post\" enctype=\"multipart\/form-data\" action=\"\/tr\/wp-json\/wp\/v2\/pages\/1594\"><noscript class=\"wpforms-error-noscript\">Please enable JavaScript in your browser to complete this form.<\/noscript><div class=\"wpforms-field-container\"><div id=\"wpforms-139-field_1-container\" class=\"wpforms-field wpforms-field-select wpforms-mobile-full wpforms-field-select-style-modern\" data-field-id=\"1\"><label class=\"wpforms-field-label\" for=\"wpforms-139-field_1\">Hitap <span class=\"wpforms-required-label\">*<\/span><\/label><select id=\"wpforms-139-field_1\" class=\"wpforms-field-large wpforms-field-required choicesjs-select\" data-size-class=\"wpforms-field-row wpforms-field-large\" name=\"wpforms[fields][1]\" required=\"required\"><option value=\"\" class=\"placeholder\" disabled  selected='selected'>----<\/option><option value=\"----\" >----<\/option><option value=\"Say\u0131n\" >Say\u0131n<\/option><option value=\"Say\u0131n\" >Say\u0131n<\/option><option value=\"Dr.\" >Dr.<\/option><option value=\"Prof.\" >Prof.<\/option><option value=\"\u015eeyh\" >\u015eeyh<\/option><\/select><\/div><div id=\"wpforms-139-field_2-container\" class=\"wpforms-field wpforms-field-name wpforms-one-half wpforms-first wpforms-mobile-full\" data-field-id=\"2\"><label class=\"wpforms-field-label\" for=\"wpforms-139-field_2\">Ad\u0131 <span class=\"wpforms-required-label\">*<\/span><\/label><input type=\"text\" id=\"wpforms-139-field_2\" class=\"wpforms-field-large wpforms-field-required\" name=\"wpforms[fields][2]\" required><\/div><div id=\"wpforms-139-field_6-container\" class=\"wpforms-field wpforms-field-name wpforms-one-half wpforms-mobile-full\" data-field-id=\"6\"><label class=\"wpforms-field-label\" for=\"wpforms-139-field_6\">Soyad\u0131 <span class=\"wpforms-required-label\">*<\/span><\/label><input type=\"text\" id=\"wpforms-139-field_6\" class=\"wpforms-field-large wpforms-field-required\" name=\"wpforms[fields][6]\" required><\/div><div id=\"wpforms-139-field_11-container\" class=\"wpforms-field wpforms-field-text wpforms-one-half wpforms-first wpforms-mobile-full\" data-field-id=\"11\"><label class=\"wpforms-field-label\" for=\"wpforms-139-field_11\">Tabiiyeti<\/label><input type=\"text\" id=\"wpforms-139-field_11\" class=\"wpforms-field-large\" name=\"wpforms[fields][11]\" ><\/div><div id=\"wpforms-139-field_12-container\" class=\"wpforms-field wpforms-field-text wpforms-one-half wpforms-mobile-full\" data-field-id=\"12\"><label class=\"wpforms-field-label\" for=\"wpforms-139-field_12\">\u00dclke <span class=\"wpforms-required-label\">*<\/span><\/label><input type=\"text\" id=\"wpforms-139-field_12\" class=\"wpforms-field-large wpforms-field-required\" name=\"wpforms[fields][12]\" required><\/div><div id=\"wpforms-139-field_13-container\" class=\"wpforms-field wpforms-field-email wpforms-mobile-full\" data-field-id=\"13\"><label class=\"wpforms-field-label\" for=\"wpforms-139-field_13\">E-Posta <span class=\"wpforms-required-label\">*<\/span><\/label><input type=\"email\" id=\"wpforms-139-field_13\" class=\"wpforms-field-large wpforms-field-required\" name=\"wpforms[fields][13]\" required><\/div><div id=\"wpforms-139-field_14-container\" class=\"wpforms-field wpforms-field-phone wpforms-mobile-full\" data-field-id=\"14\"><label class=\"wpforms-field-label\" for=\"wpforms-139-field_14\">Telefon numaras\u0131 <span class=\"wpforms-required-label\">*<\/span><\/label><input type=\"tel\" id=\"wpforms-139-field_14\" class=\"wpforms-field-large wpforms-field-required\" data-rule-int-phone-field=\"true\" name=\"wpforms[fields][14]\" required><\/div><div id=\"wpforms-139-field_15-container\" class=\"wpforms-field wpforms-field-text wpforms-mobile-full\" data-field-id=\"15\"><label class=\"wpforms-field-label\" for=\"wpforms-139-field_15\">\u015eirket<\/label><input type=\"text\" id=\"wpforms-139-field_15\" class=\"wpforms-field-large\" name=\"wpforms[fields][15]\" ><\/div><div id=\"wpforms-139-field_16-container\" class=\"wpforms-field wpforms-field-text wpforms-mobile-full\" data-field-id=\"16\"><label class=\"wpforms-field-label\" for=\"wpforms-139-field_16\">Konu <span class=\"wpforms-required-label\">*<\/span><\/label><input type=\"text\" id=\"wpforms-139-field_16\" class=\"wpforms-field-large wpforms-field-required\" name=\"wpforms[fields][16]\" required><\/div><div id=\"wpforms-139-field_17-container\" class=\"wpforms-field wpforms-field-textarea wpforms-mobile-full\" data-field-id=\"17\"><label class=\"wpforms-field-label\" for=\"wpforms-139-field_17\">Mesaj\u0131n\u0131z <span class=\"wpforms-required-label\">*<\/span><\/label><textarea id=\"wpforms-139-field_17\" class=\"wpforms-field-large wpforms-field-required\" name=\"wpforms[fields][17]\" required><\/textarea><div class=\"wpforms-field-description\">BL\u00fctfen dikkat: ileti\u015fimimiz sadece Almanca, T\u00fcrk\u00e7e veya \u0130ngilizcedir. Anlay\u0131\u015f\u0131n\u0131z i\u00e7in te\u015fekk\u00fcr ederiz.<\/div><\/div><div id=\"wpforms-139-field_18-container\" class=\"wpforms-field wpforms-field-checkbox wpforms-one-third wpforms-first wpforms-mobile-full\" data-field-id=\"18\"><label class=\"wpforms-field-label\" for=\"wpforms-139-field_18\">Veri G\u00fcvenli\u011fi <span class=\"wpforms-required-label\">*<\/span><\/label><ul id=\"wpforms-139-field_18\" class=\"wpforms-field-required\"><li class=\"choice-1 depth-1\"><input type=\"checkbox\" id=\"wpforms-139-field_18_1\" name=\"wpforms[fields][18][]\" value=\"Veri G\u00fcvenli\u011fi Direktifini kabul ediyorum\" required ><label class=\"wpforms-field-label-inline\" for=\"wpforms-139-field_18_1\">Veri G\u00fcvenli\u011fi Direktifini kabul ediyorum<\/label><\/li><\/ul><\/div><div id=\"wpforms-139-field_19-container\" class=\"wpforms-field wpforms-field-captcha wpforms-one-third wpforms-mobile-full\" data-field-id=\"19\"><label class=\"wpforms-field-label wpforms-label-hide\" for=\"wpforms-139-field_19\">Captcha <span class=\"wpforms-required-label\">*<\/span><\/label>\t\t\t<div class=\"wpforms-captcha-math\">\n\t\t\t\t<span class=\"wpforms-captcha-equation\">\n\t\t\t\t\t<span class=\"n1\"><\/span>\n\t\t\t\t\t<span class=\"cal\"><\/span>\n\t\t\t\t\t<span class=\"n2\"><\/span>\n\t\t\t\t\t<span class=\"e\">=<\/span>\n\t\t\t\t<\/span>\n\t\t\t\t<input type=\"text\" id=\"wpforms-139-field_19\" class=\"wpforms-field-medium wpforms-field-required a\" data-rule-wpf-captcha=\"math\" name=\"wpforms[fields][19][a]\" required>\t\t\t\t<input type=\"hidden\" name=\"wpforms[fields][19][cal]\" class=\"cal\">\n\t\t\t\t<input type=\"hidden\" name=\"wpforms[fields][19][n2]\" class=\"n2\">\n\t\t\t\t<input type=\"hidden\" name=\"wpforms[fields][19][n1]\" class=\"n1\">\n\t\t\t<\/div>\n\t\t\t<\/div><\/div><div class=\"wpforms-field wpforms-field-hp\"><label for=\"wpforms-139-field-hp\" class=\"wpforms-field-label\">Name<\/label><input type=\"text\" name=\"wpforms[hp]\" id=\"wpforms-139-field-hp\" class=\"wpforms-field-medium\"><\/div><div class=\"wpforms-submit-container\" ><input type=\"hidden\" name=\"wpforms[id]\" value=\"139\"><input type=\"hidden\" name=\"wpforms[author]\" value=\"2\"><button type=\"submit\" name=\"wpforms[submit]\" class=\"wpforms-submit \" id=\"wpforms-submit-139\" value=\"wpforms-submit\" aria-live=\"assertive\" data-alt-text=\"Sending...\" data-submit-text=\"G\u00f6nder\">G\u00f6nder<\/button><\/div><\/form><\/div>  <!-- .wpforms-container --><\/p>    <\/div>\n<\/div>\n<!-- \/module text --><!-- module text -->\n<div  class=\"module module-text tb_tle1251    hide-desktop hide-mobile\" data-lazy=\"1\">\n        <div  class=\"tb_text_wrap\">\n    <p style=\"text-align: center;\"><div class=\"wpforms-container wpforms-container-full\" id=\"wpforms-741\"><form id=\"wpforms-form-741\" class=\"wpforms-validate wpforms-form\" data-formid=\"741\" method=\"post\" enctype=\"multipart\/form-data\" action=\"\/tr\/wp-json\/wp\/v2\/pages\/1594\"><noscript class=\"wpforms-error-noscript\">Please enable JavaScript in your browser to complete this form.<\/noscript><div class=\"wpforms-field-container\"><div id=\"wpforms-741-field_1-container\" class=\"wpforms-field wpforms-field-select wpforms-mobile-full wpforms-field-select-style-modern\" data-field-id=\"1\"><label class=\"wpforms-field-label\" for=\"wpforms-741-field_1\">Hitap <span class=\"wpforms-required-label\">*<\/span><\/label><select id=\"wpforms-741-field_1\" class=\"wpforms-field-large wpforms-field-required choicesjs-select\" data-size-class=\"wpforms-field-row wpforms-field-large\" name=\"wpforms[fields][1]\" required=\"required\"><option value=\"\" class=\"placeholder\" disabled  selected='selected'>----<\/option><option value=\"----\" >----<\/option><option value=\"Say\u0131n\" >Say\u0131n<\/option><option value=\"Say\u0131n\" >Say\u0131n<\/option><option value=\"Dr.\" >Dr.<\/option><option value=\"Prof.\" >Prof.<\/option><option value=\"\u015eeyh\" >\u015eeyh<\/option><\/select><\/div><div id=\"wpforms-741-field_2-container\" class=\"wpforms-field wpforms-field-name wpforms-one-half wpforms-first wpforms-mobile-full\" data-field-id=\"2\"><label class=\"wpforms-field-label\" for=\"wpforms-741-field_2\">Ad\u0131 <span class=\"wpforms-required-label\">*<\/span><\/label><input type=\"text\" id=\"wpforms-741-field_2\" class=\"wpforms-field-large wpforms-field-required\" name=\"wpforms[fields][2]\" required><\/div><div id=\"wpforms-741-field_6-container\" class=\"wpforms-field wpforms-field-name wpforms-one-half wpforms-mobile-full\" data-field-id=\"6\"><label class=\"wpforms-field-label\" for=\"wpforms-741-field_6\">Soyad\u0131 <span class=\"wpforms-required-label\">*<\/span><\/label><input type=\"text\" id=\"wpforms-741-field_6\" class=\"wpforms-field-large wpforms-field-required\" name=\"wpforms[fields][6]\" required><\/div><div id=\"wpforms-741-field_11-container\" class=\"wpforms-field wpforms-field-text wpforms-one-half wpforms-first wpforms-mobile-full\" data-field-id=\"11\"><label class=\"wpforms-field-label\" for=\"wpforms-741-field_11\">Tabiiyeti<\/label><input type=\"text\" id=\"wpforms-741-field_11\" class=\"wpforms-field-large\" name=\"wpforms[fields][11]\" ><\/div><div id=\"wpforms-741-field_12-container\" class=\"wpforms-field wpforms-field-text wpforms-one-half wpforms-mobile-full\" data-field-id=\"12\"><label class=\"wpforms-field-label\" for=\"wpforms-741-field_12\">\u00dclke <span class=\"wpforms-required-label\">*<\/span><\/label><input type=\"text\" id=\"wpforms-741-field_12\" class=\"wpforms-field-large wpforms-field-required\" name=\"wpforms[fields][12]\" required><\/div><div id=\"wpforms-741-field_13-container\" class=\"wpforms-field wpforms-field-email wpforms-mobile-full\" data-field-id=\"13\"><label class=\"wpforms-field-label\" for=\"wpforms-741-field_13\">E-Posta <span class=\"wpforms-required-label\">*<\/span><\/label><input type=\"email\" id=\"wpforms-741-field_13\" class=\"wpforms-field-large wpforms-field-required\" name=\"wpforms[fields][13]\" required><\/div><div id=\"wpforms-741-field_14-container\" class=\"wpforms-field wpforms-field-phone wpforms-mobile-full\" data-field-id=\"14\"><label class=\"wpforms-field-label\" for=\"wpforms-741-field_14\">Telefon numaras\u0131 <span class=\"wpforms-required-label\">*<\/span><\/label><input type=\"tel\" id=\"wpforms-741-field_14\" class=\"wpforms-field-large wpforms-field-required\" data-rule-int-phone-field=\"true\" name=\"wpforms[fields][14]\" required><\/div><div id=\"wpforms-741-field_15-container\" class=\"wpforms-field wpforms-field-text wpforms-mobile-full\" data-field-id=\"15\"><label class=\"wpforms-field-label\" for=\"wpforms-741-field_15\">\u015eirket<\/label><input type=\"text\" id=\"wpforms-741-field_15\" class=\"wpforms-field-large\" name=\"wpforms[fields][15]\" ><\/div><div id=\"wpforms-741-field_16-container\" class=\"wpforms-field wpforms-field-text wpforms-mobile-full\" data-field-id=\"16\"><label class=\"wpforms-field-label\" for=\"wpforms-741-field_16\">Konu <span class=\"wpforms-required-label\">*<\/span><\/label><input type=\"text\" id=\"wpforms-741-field_16\" class=\"wpforms-field-large wpforms-field-required\" name=\"wpforms[fields][16]\" required><\/div><div id=\"wpforms-741-field_17-container\" class=\"wpforms-field wpforms-field-textarea wpforms-mobile-full\" data-field-id=\"17\"><label class=\"wpforms-field-label\" for=\"wpforms-741-field_17\">Mesaj\u0131n\u0131z <span class=\"wpforms-required-label\">*<\/span><\/label><textarea id=\"wpforms-741-field_17\" class=\"wpforms-field-large wpforms-field-required\" name=\"wpforms[fields][17]\" required><\/textarea><div class=\"wpforms-field-description\">BL\u00fctfen dikkat: ileti\u015fimimiz sadece Almanca, T\u00fcrk\u00e7e veya \u0130ngilizcedir. Anlay\u0131\u015f\u0131n\u0131z i\u00e7in te\u015fekk\u00fcr ederiz.<\/div><\/div><div id=\"wpforms-741-field_18-container\" class=\"wpforms-field wpforms-field-checkbox wpforms-one-half wpforms-first\" data-field-id=\"18\"><label class=\"wpforms-field-label\" for=\"wpforms-741-field_18\">Veri G\u00fcvenli\u011fi <span class=\"wpforms-required-label\">*<\/span><\/label><ul id=\"wpforms-741-field_18\" class=\"wpforms-field-required\"><li class=\"choice-1 depth-1\"><input type=\"checkbox\" id=\"wpforms-741-field_18_1\" name=\"wpforms[fields][18][]\" value=\"Veri G\u00fcvenli\u011fi Direktifini kabul ediyorum\" required ><label class=\"wpforms-field-label-inline\" for=\"wpforms-741-field_18_1\">Veri G\u00fcvenli\u011fi Direktifini kabul ediyorum<\/label><\/li><\/ul><\/div><div id=\"wpforms-741-field_19-container\" class=\"wpforms-field wpforms-field-captcha wpforms-one-half\" data-field-id=\"19\"><label class=\"wpforms-field-label wpforms-label-hide\" for=\"wpforms-741-field_19\">Captcha <span class=\"wpforms-required-label\">*<\/span><\/label>\t\t\t<div class=\"wpforms-captcha-math\">\n\t\t\t\t<span class=\"wpforms-captcha-equation\">\n\t\t\t\t\t<span class=\"n1\"><\/span>\n\t\t\t\t\t<span class=\"cal\"><\/span>\n\t\t\t\t\t<span class=\"n2\"><\/span>\n\t\t\t\t\t<span class=\"e\">=<\/span>\n\t\t\t\t<\/span>\n\t\t\t\t<input type=\"text\" id=\"wpforms-741-field_19\" class=\"wpforms-field-medium wpforms-field-required a\" data-rule-wpf-captcha=\"math\" name=\"wpforms[fields][19][a]\" required>\t\t\t\t<input type=\"hidden\" name=\"wpforms[fields][19][cal]\" class=\"cal\">\n\t\t\t\t<input type=\"hidden\" name=\"wpforms[fields][19][n2]\" class=\"n2\">\n\t\t\t\t<input type=\"hidden\" name=\"wpforms[fields][19][n1]\" class=\"n1\">\n\t\t\t<\/div>\n\t\t\t<\/div><\/div><div class=\"wpforms-field wpforms-field-hp\"><label for=\"wpforms-741-field-hp\" class=\"wpforms-field-label\">Message<\/label><input type=\"text\" name=\"wpforms[hp]\" id=\"wpforms-741-field-hp\" class=\"wpforms-field-medium\"><\/div><div class=\"wpforms-submit-container\" ><input type=\"hidden\" name=\"wpforms[id]\" value=\"741\"><input type=\"hidden\" name=\"wpforms[author]\" value=\"2\"><button type=\"submit\" name=\"wpforms[submit]\" class=\"wpforms-submit \" id=\"wpforms-submit-741\" value=\"wpforms-submit\" aria-live=\"assertive\" data-alt-text=\"Sending...\" data-submit-text=\"G\u00f6nder\">G\u00f6nder<\/button><\/div><\/form><\/div>  <!-- .wpforms-container --><\/p>    <\/div>\n<\/div>\n<!-- \/module text -->\t        <\/div>\n\t    \t<\/div>\n\t\t    <\/div>\n\t    <!-- \/row_inner -->\n\t<\/div>\n\t<!-- \/module_row -->\n\t<\/div>\n<!--\/themify_builder_content-->","protected":false},"excerpt":{"rendered":"<p>Gelece\u011fi birlikte \u015fekillendirelim! Bize yaz\u0131n!<\/p>\n","protected":false},"author":2,"featured_media":0,"parent":0,"menu_order":0,"comment_status":"closed","ping_status":"closed","template":"","meta":[],"yoast_head":"<!-- This site is optimized with the Yoast SEO Premium plugin v15.9 - https:\/\/yoast.com\/wordpress\/plugins\/seo\/ -->\n<title>\u0130leti\u015fim - ifi4you<\/title>\n<meta name=\"robots\" content=\"index, follow, max-snippet:-1, max-image-preview:large, max-video-preview:-1\" \/>\n<link rel=\"canonical\" href=\"https:\/\/www.ifi4you.com\/tr\/iletisim\/\" \/>\n<meta property=\"og:locale\" content=\"en_US\" \/>\n<meta property=\"og:type\" content=\"article\" \/>\n<meta property=\"og:title\" content=\"\u0130leti\u015fim - ifi4you\" \/>\n<meta property=\"og:description\" content=\"Gelece\u011fi birlikte \u015fekillendirelim! Bize yaz\u0131n!\" \/>\n<meta property=\"og:url\" content=\"https:\/\/www.ifi4you.com\/tr\/iletisim\/\" \/>\n<meta property=\"og:site_name\" content=\"ifi4you\" \/>\n<meta property=\"article:modified_time\" content=\"2022-07-17T20:21:29+00:00\" \/>\n<meta property=\"og:image\" content=\"https:\/\/new.ifi4you.com\/wp-content\/uploads\/2021\/02\/Hasan-Org-500.jpg\" \/>\n<meta name=\"twitter:card\" content=\"summary_large_image\" \/>\n<script type=\"application\/ld+json\" class=\"yoast-schema-graph\">{\"@context\":\"https:\/\/schema.org\",\"@graph\":[{\"@type\":\"WebSite\",\"@id\":\"https:\/\/ifi4you.com\/tr\/#website\",\"url\":\"https:\/\/ifi4you.com\/tr\/\",\"name\":\"ifi4you\",\"description\":\"\",\"potentialAction\":[{\"@type\":\"SearchAction\",\"target\":\"https:\/\/ifi4you.com\/tr\/?s={search_term_string}\",\"query-input\":\"required name=search_term_string\"}],\"inLanguage\":\"en-US\"},{\"@type\":\"ImageObject\",\"@id\":\"https:\/\/www.ifi4you.com\/tr\/iletisim\/#primaryimage\",\"inLanguage\":\"en-US\",\"url\":\"https:\/\/ifi4you.com\/tr\/hasan-org-500\/\"},{\"@type\":\"WebPage\",\"@id\":\"https:\/\/www.ifi4you.com\/tr\/iletisim\/#webpage\",\"url\":\"https:\/\/www.ifi4you.com\/tr\/iletisim\/\",\"name\":\"\\u0130leti\\u015fim - ifi4you\",\"isPartOf\":{\"@id\":\"https:\/\/ifi4you.com\/tr\/#website\"},\"primaryImageOfPage\":{\"@id\":\"https:\/\/www.ifi4you.com\/tr\/iletisim\/#primaryimage\"},\"datePublished\":\"2021-02-26T09:57:49+00:00\",\"dateModified\":\"2022-07-17T20:21:29+00:00\",\"breadcrumb\":{\"@id\":\"https:\/\/www.ifi4you.com\/tr\/iletisim\/#breadcrumb\"},\"inLanguage\":\"en-US\",\"potentialAction\":[{\"@type\":\"ReadAction\",\"target\":[\"https:\/\/www.ifi4you.com\/tr\/iletisim\/\"]}]},{\"@type\":\"BreadcrumbList\",\"@id\":\"https:\/\/www.ifi4you.com\/tr\/iletisim\/#breadcrumb\",\"itemListElement\":[{\"@type\":\"ListItem\",\"position\":1,\"item\":{\"@type\":\"WebPage\",\"@id\":\"https:\/\/www.ifi4you.com\/tr\/\",\"url\":\"https:\/\/www.ifi4you.com\/tr\/\",\"name\":\"Home\"}},{\"@type\":\"ListItem\",\"position\":2,\"item\":{\"@type\":\"WebPage\",\"@id\":\"https:\/\/www.ifi4you.com\/tr\/iletisim\/\",\"url\":\"https:\/\/www.ifi4you.com\/tr\/iletisim\/\",\"name\":\"\\u0130leti\\u015fim\"}}]}]}<\/script>\n<!-- \/ Yoast SEO Premium plugin. -->","builder_content":"<img src=\"https:\/\/ifi4you.com\/tr\/hasan-org-500\/\" title=\"\u0130leti\u015fim\" alt=\"\u0130leti\u015fim\">\n<h2 style=\"text-align: center;\">Gelece\u011fi birlikte \u015fekillendirelim!<\/h2> <h2 style=\"text-align: center;\">Bize yaz\u0131n!<\/h2>\n<p style=\"text-align: center;\">[wpforms id=\"139\" title=\"false\" description=\"false\"]<\/p>\n<p style=\"text-align: center;\">[wpforms id=\"741\" title=\"false\" description=\"false\"]<\/p>","_links":{"self":[{"href":"https:\/\/ifi4you.com\/tr\/wp-json\/wp\/v2\/pages\/1594"}],"collection":[{"href":"https:\/\/ifi4you.com\/tr\/wp-json\/wp\/v2\/pages"}],"about":[{"href":"https:\/\/ifi4you.com\/tr\/wp-json\/wp\/v2\/types\/page"}],"author":[{"embeddable":true,"href":"https:\/\/ifi4you.com\/tr\/wp-json\/wp\/v2\/users\/2"}],"replies":[{"embeddable":true,"href":"https:\/\/ifi4you.com\/tr\/wp-json\/wp\/v2\/comments?post=1594"}],"version-history":[{"count":7,"href":"https:\/\/ifi4you.com\/tr\/wp-json\/wp\/v2\/pages\/1594\/revisions"}],"predecessor-version":[{"id":2674,"href":"https:\/\/ifi4you.com\/tr\/wp-json\/wp\/v2\/pages\/1594\/revisions\/2674"}],"wp:attachment":[{"href":"https:\/\/ifi4you.com\/tr\/wp-json\/wp\/v2\/media?parent=1594"}],"curies":[{"name":"wp","href":"https:\/\/api.w.org\/{rel}","templated":true}]}}