{"id":1590,"date":"2021-02-26T10:52:15","date_gmt":"2021-02-26T09:52:15","guid":{"rendered":"https:\/\/www.ifi4you.com\/?page_id=1590"},"modified":"2022-10-06T07:20:17","modified_gmt":"2022-10-06T05:20:17","slug":"haberler","status":"publish","type":"page","link":"https:\/\/ifi4you.com\/tr\/haberler\/","title":{"rendered":"Haberler"},"content":{"rendered":"<!--themify_builder_content-->\n<div id=\"themify_builder_content-1590\" data-postid=\"1590\" class=\"themify_builder_content themify_builder_content-1590 themify_builder tf_clear\">\n    \t<!-- module_row -->\n\t<div  data-css_id=\"mev6348\" data-lazy=\"1\" class=\"module_row themify_builder_row repeat fullwidth tb_mev6348 tb_first tf_clearfix hide-tablet_landscape hide-mobile\" >\n\t    \t\t<div class=\"row_inner col_align_top col-count-1 tf_box tf_w tf_rel\">\n\t\t\t<div  data-lazy=\"1\" class=\"module_column tb-column col-full first tb_jful349 tf_box\">\n\t\t\t    \t        <div class=\"tb-column-inner tf_box tf_w\">\n\t\t    <!-- module image -->\n<div  class=\"module module-image tb_fs8s349   image-top auto_fullwidth tf_mw\" data-lazy=\"1\">\n        <div class=\"image-wrap tf_rel tf_mw\">\n\t\t    <img src=\"https:\/\/www.ifi4you.com\/wp-content\/uploads\/2021\/02\/IFI-News-Banner1-1.jpg\" width=\"1500\" height=\"423\" title=\"Haberler\" alt=\"Haberler\">\t\n\t\t<\/div>\n\t<!-- \/image-wrap -->\n    \n    \t<\/div>\n<!-- \/module image -->\t        <\/div>\n\t    \t<\/div>\n\t\t    <\/div>\n\t    <!-- \/row_inner -->\n\t<\/div>\n\t<!-- \/module_row -->\n\t\t<!-- module_row -->\n\t<div  data-css_id=\"71z7958\" data-lazy=\"1\" class=\"module_row themify_builder_row fullwidth_row_container tb_71z7958 tf_clearfix\" >\n\t    \t\t<div class=\"row_inner col_align_top col-count-1 tf_box tf_w tf_rel\">\n\t\t\t<div  data-lazy=\"1\" class=\"module_column tb-column col-full first tb_971v958 tf_box\">\n\t\t\t    \t        <div class=\"tb-column-inner tf_box tf_w\">\n\t\t    <!-- module text -->\n<div  class=\"module module-text tb_9fwf958   \" data-lazy=\"1\">\n        <div  class=\"tb_text_wrap\">\n    <h2 class=\"post-title entry-title\">Veri Merkezleri \u2013 T\u00fcrkiye kitlesel olarak yenileniyor!<\/h2>    <\/div>\n<\/div>\n<!-- \/module text -->\t<div  data-lazy=\"1\" class=\"module_subrow themify_builder_sub_row tb_xvpk958 tf_w tf_clearfix\">\n\t    \t\t<div class=\"subrow_inner col_align_top col-count-2 tf_box tf_w\"  data-basecol=\"2\" data-col_tablet=\"column-full\">\n\t\t\t<div  data-lazy=\"1\" class=\"sub_column module_column tf_box col2-1 first tb_rhhp958\"> \n\t    \t    \t        <div class=\"tb-column-inner tf_box tf_w\">\n\t\t    <!-- module image -->\n<div  class=\"module module-image tb_p386958 drop-shadow bordered  image-center tf_mw\" data-lazy=\"1\">\n        <div class=\"image-wrap tf_rel tf_mw\">\n\t\t    <img src=\"https:\/\/ifi4you.com\/wp-content\/uploads\/2022\/07\/Data-Center-News-1-IFI.jpg\" width=\"450\" height=\"250\" title=\"Haberler\" alt=\"Haberler\">\t\n\t\t<\/div>\n\t<!-- \/image-wrap -->\n    \n    \t<\/div>\n<!-- \/module image --><!-- module image -->\n<div  class=\"module module-image tb_xef7958 drop-shadow bordered  image-center tf_mw\" data-lazy=\"1\">\n        <div class=\"image-wrap tf_rel tf_mw\">\n\t\t    <img src=\"https:\/\/ifi4you.com\/wp-content\/uploads\/2022\/07\/Data-Center-News-2-IFI.jpg\" width=\"450\" height=\"250\" title=\"Haberler\" alt=\"Haberler\">\t\n\t\t<\/div>\n\t<!-- \/image-wrap -->\n    \n    \t<\/div>\n<!-- \/module image -->\t        <\/div>\n\t    \t<\/div>\n\t\t<div  data-lazy=\"1\" class=\"sub_column module_column tf_box col2-1 last tb_q3nz958\"> \n\t    \t    \t        <div class=\"tb-column-inner tf_box tf_w\">\n\t\t    <!-- module text -->\n<div  class=\"module module-text tb_rw7g958   \" data-lazy=\"1\">\n        <div  class=\"tb_text_wrap\">\n    <p>\u0130stanbul birka\u00e7 y\u0131l \u00f6ncesine kadar sadece, karasal ve denizalt\u0131 telekom\u00fcnikasyon kablo sistemleri ve Ortado\u011fu veri trafi\u011fi i\u00e7in bir merkezdi. \u00d6zel konumu, ula\u015ft\u0131rma, Lojistik ve Finans merkezi olmas\u0131 nedeniyle \u0130stanbul, art\u0131k Avrupa\u2019ya ve Avrupa\u2019dan dijital veri ak\u0131\u015f\u0131 i\u00e7in de \u00e7ok \u00f6nemli bir merkez haline geliyor. 500\u2019den fazla T\u00fcrk \u0130nternet sa\u011flay\u0131c\u0131s\u0131, artan n\u00fcfus, devlet ve \u00f6zel sekt\u00f6r\u00fcn dijitalle\u015fmesinin yan\u0131 s\u0131ra Asya ve Arap \u00fclkelerinin \u0130stanbul \u00fczerinden Avrupa\/Amerika ile ba\u011flant\u0131s\u0131 \u0130stanbul\u2019a alt\u0131n de\u011feri veriyor. Uzun vadede, Alman veri merkezi operat\u00f6rleri, Avrupa\u2019daki veri merkezleri i\u00e7in \u201cye\u015fil elektrik\u201d konusunda b\u00fcy\u00fck sorunla kar\u015f\u0131la\u015facaklar. T\u00fcrkiye Su, R\u00fczgar ve G\u00fcne\u015f Enerji santrallerini b\u00fcy\u00fck \u00f6l\u00e7\u00fcde geni\u015fletmeye devam ediyor. Ayr\u0131ca Veri merkezlerinden elde edilen at\u0131k \u0131s\u0131 ile kalorifer sistemlerini beslemek isteyen Metropollerden gelen talep olduk\u00e7a y\u00fcksek.<\/p>\n<div class=\"module module-text tb_oc2818\">\n<div class=\"tb_text_wrap\">\n<p><strong>T\u00fcrkiye\u2019de Veri merkezi sahibi olmak istiyorsaniz l\u00fctfen bizimle ileti\u015fime ge\u00e7in.<\/strong><\/p>\n<\/div>\n<\/div>    <\/div>\n<\/div>\n<!-- \/module text --><!-- module buttons -->\n<div  class=\"module module-buttons tb_1py5958 buttons-horizontal solid  circle\" data-lazy=\"1\">\n    \t<div class=\"module-buttons-item tf_inline_b\">\n\t\t\t\t\t\t\t<a href=\"https:\/\/youtu.be\/_YquQwAWUac\" class=\"ui builder_button tb_default_color\" >\n\t\t\t\t\t\t\t\t\t\t\t<span class=\"tf_inline_b tf_vmiddle\">Video<\/span>\n\t\t\t\t\t\t\t\t\t<em class=\"tf_inline_b tf_vmiddle\"><svg  aria-hidden=\"true\" class=\"tf_fa tf-ti-angle-double-right\"><use href=\"#tf-ti-angle-double-right\"><\/use><\/svg><\/em>\t\t\t\t\t\t\t\t\t\t\t<\/a>\n\t\t\t    \t<\/div>\n\t<\/div>\n<!-- \/module buttons -->\n<!-- module text -->\n<div  class=\"module module-text tb_941f958   \" data-lazy=\"1\">\n        <div  class=\"tb_text_wrap\">\n    <p>\n<strong>Copyrights 2021 IFI \u2013 FINANCING AND REAL ESTATE.<\/strong><\/p>\n    <\/div>\n<\/div>\n<!-- \/module text -->\t        <\/div>\n\t    \t<\/div>\n\t\t    <\/div>\n\t<\/div><!-- \/themify_builder_sub_row -->\n\t\t        <\/div>\n\t    \t<\/div>\n\t\t    <\/div>\n\t    <!-- \/row_inner -->\n\t<\/div>\n\t<!-- \/module_row -->\n\t\t<!-- module_row -->\n\t<div  data-css_id=\"w6d4361\" data-lazy=\"1\" class=\"module_row themify_builder_row fullwidth_row_container tb_w6d4361 tf_clearfix\" >\n\t    \t\t<div class=\"row_inner col_align_top col-count-1 tf_box tf_w tf_rel\">\n\t\t\t<div  data-lazy=\"1\" class=\"module_column tb-column col-full first tb_m8ct361 tf_box\">\n\t\t\t    \t        <div class=\"tb-column-inner tf_box tf_w\">\n\t\t    <!-- module text -->\n<div  class=\"module module-text tb_upgr361   \" data-lazy=\"1\">\n        <div  class=\"tb_text_wrap\">\n    <h2 class=\"post-title entry-title\">Hasan Y\u0131lmaz sertifikas\u0131<\/h2>    <\/div>\n<\/div>\n<!-- \/module text -->\t<div  data-lazy=\"1\" class=\"module_subrow themify_builder_sub_row tb_z09p361 tf_w tf_clearfix\">\n\t    \t\t<div class=\"subrow_inner col_align_top col-count-2 tf_box tf_w\"  data-basecol=\"2\" data-col_tablet=\"column-full\">\n\t\t\t<div  data-lazy=\"1\" class=\"sub_column module_column tf_box col2-1 first tb_itxn361\"> \n\t    \t    \t        <div class=\"tb-column-inner tf_box tf_w\">\n\t\t    <!-- module image -->\n<div  class=\"module module-image tb_bsp1362 drop-shadow bordered  image-center tf_mw\" data-lazy=\"1\">\n        <div class=\"image-wrap tf_rel tf_mw\">\n\t\t    <img src=\"https:\/\/www.ifi4you.com\/ifi-zertifikat-yilmaz-4-2\/\" title=\"Haberler\" alt=\"Haberler\">\t\n\t\t<\/div>\n\t<!-- \/image-wrap -->\n    \n    \t<\/div>\n<!-- \/module image -->\t        <\/div>\n\t    \t<\/div>\n\t\t<div  data-lazy=\"1\" class=\"sub_column module_column tf_box col2-1 last tb_apdn362\"> \n\t    \t    \t        <div class=\"tb-column-inner tf_box tf_w\">\n\t\t    <!-- module text -->\n<div  class=\"module module-text tb_fnbm362   \" data-lazy=\"1\">\n        <div  class=\"tb_text_wrap\">\n    <p>IFI, kendi kurumunda dan\u0131\u015fmanl\u0131k kalitesine b\u00fcy\u00fck \u00f6nem vermektedir.<\/p>\n<p>Bu nedenle, bug\u00fcn size Say\u0131n Hasan Y\u0131lmaz\u2019\u0131n \u201cemlak acenteleri\u201d alan\u0131nda nitelikli ileri e\u011fitim i\u00e7in bir sertifika sunabilmektesinden mutluluk duyar\u0131z.<\/p>\n<p>Yaln\u0131zca sizin i\u00e7in en iyisini yapma arzumuz, gelecekte de aktif ve kapsaml\u0131 e\u011fitim i\u00e7in bir te\u015fvik olmaya devam edecektir.<\/p>    <\/div>\n<\/div>\n<!-- \/module text -->\t        <\/div>\n\t    \t<\/div>\n\t\t    <\/div>\n\t<\/div><!-- \/themify_builder_sub_row -->\n\t\t        <\/div>\n\t    \t<\/div>\n\t\t    <\/div>\n\t    <!-- \/row_inner -->\n\t<\/div>\n\t<!-- \/module_row -->\n\t\t<!-- module_row -->\n\t<div  data-css_id=\"ttcg586\" data-lazy=\"1\" class=\"module_row themify_builder_row fullwidth_row_container tb_ttcg586 tf_clearfix\" >\n\t    \t\t<div class=\"row_inner col_align_top col-count-1 tf_box tf_w tf_rel\">\n\t\t\t<div  data-lazy=\"1\" class=\"module_column tb-column col-full first tb_2b5a587 tf_box\">\n\t\t\t    \t        <div class=\"tb-column-inner tf_box tf_w\">\n\t\t    <!-- module text -->\n<div  class=\"module module-text tb_zom0587   \" data-lazy=\"1\">\n        <div  class=\"tb_text_wrap\">\n    <h2 class=\"post-title entry-title\">\u00dcst d\u00fczey bir T\u00fcrk emlak\u00e7\u0131s\u0131 ile yeni i\u015fbirli\u011fi<\/h2>    <\/div>\n<\/div>\n<!-- \/module text -->\t<div  data-lazy=\"1\" class=\"module_subrow themify_builder_sub_row tb_01nu588 tf_w tf_clearfix\">\n\t    \t\t<div class=\"subrow_inner col_align_top col-count-2 tf_box tf_w\"  data-basecol=\"2\" data-col_tablet=\"column-full\">\n\t\t\t<div  data-lazy=\"1\" class=\"sub_column module_column tf_box col2-1 first tb_y98q588\"> \n\t    \t    \t        <div class=\"tb-column-inner tf_box tf_w\">\n\t\t    <!-- module image -->\n<div  class=\"module module-image tb_9h3q589 drop-shadow bordered  image-center tf_mw\" data-lazy=\"1\">\n        <div class=\"image-wrap tf_rel tf_mw\">\n\t\t    <img src=\"https:\/\/www.ifi4you.com\/ifi-contract-tr-2-4\/\" title=\"Haberler\" alt=\"Haberler\">\t\n\t\t<\/div>\n\t<!-- \/image-wrap -->\n    \n    \t<\/div>\n<!-- \/module image -->\t        <\/div>\n\t    \t<\/div>\n\t\t<div  data-lazy=\"1\" class=\"sub_column module_column tf_box col2-1 last tb_bau4590\"> \n\t    \t    \t        <div class=\"tb-column-inner tf_box tf_w\">\n\t\t    <!-- module text -->\n<div  class=\"module module-text tb_1r8j590   \" data-lazy=\"1\">\n        <div  class=\"tb_text_wrap\">\n    <p>T\u00fcrkiye metropollerindeki \u00e7ok iyi m\u00fclklere ve turizm sekt\u00f6r\u00fcndeki ola\u011fan\u00fcst\u00fc gayrimenkul veya m\u00fclklere y\u00f6nelik artan yat\u0131r\u0131mc\u0131 talebini kar\u015f\u0131lamak i\u00e7in IFI, T\u00fcrkiye&#8217;de b\u00fcy\u00fck, k\u00f6kl\u00fc bir T\u00fcrk emlak acentesi ile stratejik bir ortakl\u0131k kurmu\u015ftur. B\u00fcy\u00fck \u015fehirlerdeki uygun fiyatl\u0131 parseller, her b\u00fcy\u00fckl\u00fckteki yat\u0131r\u0131m projeleri ve Akdeniz k\u0131y\u0131lar\u0131ndaki turistik projeler, yeni orta\u011f\u0131m\u0131z\u0131n uzmanl\u0131k alanlar\u0131n\u0131n bir par\u00e7as\u0131d\u0131r.<br \/><br \/>Slogan\u0131m\u0131z: \u201cM\u00fc\u015fterilerimiz i\u00e7in sadece en iyisi!\u201d Uzun vadede de g\u00fcvence alt\u0131na al\u0131nm\u0131\u015ft\u0131r.<\/p>    <\/div>\n<\/div>\n<!-- \/module text -->\t        <\/div>\n\t    \t<\/div>\n\t\t    <\/div>\n\t<\/div><!-- \/themify_builder_sub_row -->\n\t\t        <\/div>\n\t    \t<\/div>\n\t\t    <\/div>\n\t    <!-- \/row_inner -->\n\t<\/div>\n\t<!-- \/module_row -->\n\t<\/div>\n<!--\/themify_builder_content-->","protected":false},"excerpt":{"rendered":"<p>Veri Merkezleri \u2013 T\u00fcrkiye kitlesel olarak yenileniyor! \u0130stanbul birka\u00e7 y\u0131l \u00f6ncesine kadar sadece, karasal ve denizalt\u0131 telekom\u00fcnikasyon kablo sistemleri ve Ortado\u011fu veri trafi\u011fi i\u00e7in bir merkezdi. \u00d6zel konumu, ula\u015ft\u0131rma, Lojistik ve Finans merkezi olmas\u0131 nedeniyle \u0130stanbul, art\u0131k Avrupa\u2019ya ve Avrupa\u2019dan dijital veri ak\u0131\u015f\u0131 i\u00e7in de \u00e7ok \u00f6nemli bir merkez haline geliyor. 500\u2019den fazla T\u00fcrk \u0130nternet [&hellip;]<\/p>\n","protected":false},"author":2,"featured_media":0,"parent":0,"menu_order":0,"comment_status":"closed","ping_status":"closed","template":"","meta":[],"yoast_head":"<!-- This site is optimized with the Yoast SEO Premium plugin v15.9 - https:\/\/yoast.com\/wordpress\/plugins\/seo\/ -->\n<title>Haberler - ifi4you<\/title>\n<meta name=\"robots\" content=\"index, follow, max-snippet:-1, max-image-preview:large, max-video-preview:-1\" \/>\n<link rel=\"canonical\" href=\"https:\/\/www.ifi4you.com\/tr\/haberler\/\" \/>\n<meta property=\"og:locale\" content=\"en_US\" \/>\n<meta property=\"og:type\" content=\"article\" \/>\n<meta property=\"og:title\" content=\"Haberler - ifi4you\" \/>\n<meta property=\"og:description\" content=\"Veri Merkezleri \u2013 T\u00fcrkiye kitlesel olarak yenileniyor! \u0130stanbul birka\u00e7 y\u0131l \u00f6ncesine kadar sadece, karasal ve denizalt\u0131 telekom\u00fcnikasyon kablo sistemleri ve Ortado\u011fu veri trafi\u011fi i\u00e7in bir merkezdi. \u00d6zel konumu, ula\u015ft\u0131rma, Lojistik ve Finans merkezi olmas\u0131 nedeniyle \u0130stanbul, art\u0131k Avrupa\u2019ya ve Avrupa\u2019dan dijital veri ak\u0131\u015f\u0131 i\u00e7in de \u00e7ok \u00f6nemli bir merkez haline geliyor. 500\u2019den fazla T\u00fcrk \u0130nternet [&hellip;]\" \/>\n<meta property=\"og:url\" content=\"https:\/\/www.ifi4you.com\/tr\/haberler\/\" \/>\n<meta property=\"og:site_name\" content=\"ifi4you\" \/>\n<meta property=\"article:modified_time\" content=\"2022-10-06T05:20:17+00:00\" \/>\n<meta name=\"twitter:card\" content=\"summary_large_image\" \/>\n<script type=\"application\/ld+json\" class=\"yoast-schema-graph\">{\"@context\":\"https:\/\/schema.org\",\"@graph\":[{\"@type\":\"WebSite\",\"@id\":\"https:\/\/ifi4you.com\/tr\/#website\",\"url\":\"https:\/\/ifi4you.com\/tr\/\",\"name\":\"ifi4you\",\"description\":\"\",\"potentialAction\":[{\"@type\":\"SearchAction\",\"target\":\"https:\/\/ifi4you.com\/tr\/?s={search_term_string}\",\"query-input\":\"required name=search_term_string\"}],\"inLanguage\":\"en-US\"},{\"@type\":\"ImageObject\",\"@id\":\"https:\/\/www.ifi4you.com\/tr\/haberler\/#primaryimage\",\"inLanguage\":\"en-US\",\"url\":\"https:\/\/www.ifi4you.com\/wp-content\/uploads\/2021\/02\/IFI-News-Banner1-1.jpg\"},{\"@type\":\"WebPage\",\"@id\":\"https:\/\/www.ifi4you.com\/tr\/haberler\/#webpage\",\"url\":\"https:\/\/www.ifi4you.com\/tr\/haberler\/\",\"name\":\"Haberler - ifi4you\",\"isPartOf\":{\"@id\":\"https:\/\/ifi4you.com\/tr\/#website\"},\"primaryImageOfPage\":{\"@id\":\"https:\/\/www.ifi4you.com\/tr\/haberler\/#primaryimage\"},\"datePublished\":\"2021-02-26T09:52:15+00:00\",\"dateModified\":\"2022-10-06T05:20:17+00:00\",\"breadcrumb\":{\"@id\":\"https:\/\/www.ifi4you.com\/tr\/haberler\/#breadcrumb\"},\"inLanguage\":\"en-US\",\"potentialAction\":[{\"@type\":\"ReadAction\",\"target\":[\"https:\/\/www.ifi4you.com\/tr\/haberler\/\"]}]},{\"@type\":\"BreadcrumbList\",\"@id\":\"https:\/\/www.ifi4you.com\/tr\/haberler\/#breadcrumb\",\"itemListElement\":[{\"@type\":\"ListItem\",\"position\":1,\"item\":{\"@type\":\"WebPage\",\"@id\":\"https:\/\/www.ifi4you.com\/tr\/\",\"url\":\"https:\/\/www.ifi4you.com\/tr\/\",\"name\":\"Home\"}},{\"@type\":\"ListItem\",\"position\":2,\"item\":{\"@type\":\"WebPage\",\"@id\":\"https:\/\/www.ifi4you.com\/tr\/haberler\/\",\"url\":\"https:\/\/www.ifi4you.com\/tr\/haberler\/\",\"name\":\"Haberler\"}}]}]}<\/script>\n<!-- \/ Yoast SEO Premium plugin. -->","builder_content":"<img src=\"https:\/\/www.ifi4you.com\/wp-content\/uploads\/2021\/02\/IFI-News-Banner1-1.jpg\" width=\"1500\" height=\"423\" title=\"Haberler\" alt=\"Haberler\">\n<h2>Veri Merkezleri \u2013 T\u00fcrkiye kitlesel olarak yenileniyor!<\/h2>\n<img src=\"https:\/\/ifi4you.com\/wp-content\/uploads\/2022\/07\/Data-Center-News-1-IFI.jpg\" width=\"450\" height=\"250\" title=\"Haberler\" alt=\"Haberler\">\n<img src=\"https:\/\/ifi4you.com\/wp-content\/uploads\/2022\/07\/Data-Center-News-2-IFI.jpg\" width=\"450\" height=\"250\" title=\"Haberler\" alt=\"Haberler\">\n<p>\u0130stanbul birka\u00e7 y\u0131l \u00f6ncesine kadar sadece, karasal ve denizalt\u0131 telekom\u00fcnikasyon kablo sistemleri ve Ortado\u011fu veri trafi\u011fi i\u00e7in bir merkezdi. \u00d6zel konumu, ula\u015ft\u0131rma, Lojistik ve Finans merkezi olmas\u0131 nedeniyle \u0130stanbul, art\u0131k Avrupa\u2019ya ve Avrupa\u2019dan dijital veri ak\u0131\u015f\u0131 i\u00e7in de \u00e7ok \u00f6nemli bir merkez haline geliyor. 500\u2019den fazla T\u00fcrk \u0130nternet sa\u011flay\u0131c\u0131s\u0131, artan n\u00fcfus, devlet ve \u00f6zel sekt\u00f6r\u00fcn dijitalle\u015fmesinin yan\u0131 s\u0131ra Asya ve Arap \u00fclkelerinin \u0130stanbul \u00fczerinden Avrupa\/Amerika ile ba\u011flant\u0131s\u0131 \u0130stanbul\u2019a alt\u0131n de\u011feri veriyor. Uzun vadede, Alman veri merkezi operat\u00f6rleri, Avrupa\u2019daki veri merkezleri i\u00e7in \u201cye\u015fil elektrik\u201d konusunda b\u00fcy\u00fck sorunla kar\u015f\u0131la\u015facaklar. T\u00fcrkiye Su, R\u00fczgar ve G\u00fcne\u015f Enerji santrallerini b\u00fcy\u00fck \u00f6l\u00e7\u00fcde geni\u015fletmeye devam ediyor. Ayr\u0131ca Veri merkezlerinden elde edilen at\u0131k \u0131s\u0131 ile kalorifer sistemlerini beslemek isteyen Metropollerden gelen talep olduk\u00e7a y\u00fcksek.<\/p>\n<p><strong>T\u00fcrkiye\u2019de Veri merkezi sahibi olmak istiyorsaniz l\u00fctfen bizimle ileti\u015fime ge\u00e7in.<\/strong><\/p>\n<a href=\"https:\/\/youtu.be\/_YquQwAWUac\" > Video <em><svg aria-hidden=\"true\"><use href=\"#tf-ti-angle-double-right\"><\/use><\/svg><\/em> <\/a>\n<p> <strong>Copyrights 2021 IFI \u2013 FINANCING AND REAL ESTATE.<\/strong><\/p>\n<h2>Hasan Y\u0131lmaz sertifikas\u0131<\/h2>\n<img src=\"https:\/\/www.ifi4you.com\/ifi-zertifikat-yilmaz-4-2\/\" title=\"Haberler\" alt=\"Haberler\">\n<p>IFI, kendi kurumunda dan\u0131\u015fmanl\u0131k kalitesine b\u00fcy\u00fck \u00f6nem vermektedir.<\/p> <p>Bu nedenle, bug\u00fcn size Say\u0131n Hasan Y\u0131lmaz\u2019\u0131n \u201cemlak acenteleri\u201d alan\u0131nda nitelikli ileri e\u011fitim i\u00e7in bir sertifika sunabilmektesinden mutluluk duyar\u0131z.<\/p> <p>Yaln\u0131zca sizin i\u00e7in en iyisini yapma arzumuz, gelecekte de aktif ve kapsaml\u0131 e\u011fitim i\u00e7in bir te\u015fvik olmaya devam edecektir.<\/p>\n<h2>\u00dcst d\u00fczey bir T\u00fcrk emlak\u00e7\u0131s\u0131 ile yeni i\u015fbirli\u011fi<\/h2>\n<img src=\"https:\/\/www.ifi4you.com\/ifi-contract-tr-2-4\/\" title=\"Haberler\" alt=\"Haberler\">\n<p>T\u00fcrkiye metropollerindeki \u00e7ok iyi m\u00fclklere ve turizm sekt\u00f6r\u00fcndeki ola\u011fan\u00fcst\u00fc gayrimenkul veya m\u00fclklere y\u00f6nelik artan yat\u0131r\u0131mc\u0131 talebini kar\u015f\u0131lamak i\u00e7in IFI, T\u00fcrkiye'de b\u00fcy\u00fck, k\u00f6kl\u00fc bir T\u00fcrk emlak acentesi ile stratejik bir ortakl\u0131k kurmu\u015ftur. B\u00fcy\u00fck \u015fehirlerdeki uygun fiyatl\u0131 parseller, her b\u00fcy\u00fckl\u00fckteki yat\u0131r\u0131m projeleri ve Akdeniz k\u0131y\u0131lar\u0131ndaki turistik projeler, yeni orta\u011f\u0131m\u0131z\u0131n uzmanl\u0131k alanlar\u0131n\u0131n bir par\u00e7as\u0131d\u0131r.<br \/><br \/>Slogan\u0131m\u0131z: \u201cM\u00fc\u015fterilerimiz i\u00e7in sadece en iyisi!\u201d Uzun vadede de g\u00fcvence alt\u0131na al\u0131nm\u0131\u015ft\u0131r.<\/p>","_links":{"self":[{"href":"https:\/\/ifi4you.com\/tr\/wp-json\/wp\/v2\/pages\/1590"}],"collection":[{"href":"https:\/\/ifi4you.com\/tr\/wp-json\/wp\/v2\/pages"}],"about":[{"href":"https:\/\/ifi4you.com\/tr\/wp-json\/wp\/v2\/types\/page"}],"author":[{"embeddable":true,"href":"https:\/\/ifi4you.com\/tr\/wp-json\/wp\/v2\/users\/2"}],"replies":[{"embeddable":true,"href":"https:\/\/ifi4you.com\/tr\/wp-json\/wp\/v2\/comments?post=1590"}],"version-history":[{"count":23,"href":"https:\/\/ifi4you.com\/tr\/wp-json\/wp\/v2\/pages\/1590\/revisions"}],"predecessor-version":[{"id":2692,"href":"https:\/\/ifi4you.com\/tr\/wp-json\/wp\/v2\/pages\/1590\/revisions\/2692"}],"wp:attachment":[{"href":"https:\/\/ifi4you.com\/tr\/wp-json\/wp\/v2\/media?parent=1590"}],"curies":[{"name":"wp","href":"https:\/\/api.w.org\/{rel}","templated":true}]}}