{"id":1208,"date":"2021-02-24T06:59:08","date_gmt":"2021-02-24T05:59:08","guid":{"rendered":"https:\/\/www.ifi4you.com\/?page_id=1208"},"modified":"2021-02-24T09:38:59","modified_gmt":"2021-02-24T08:38:59","slug":"tanitim-brosuru-talep-ediniz","status":"publish","type":"page","link":"https:\/\/ifi4you.com\/tr\/tanitim-brosuru-talep-ediniz\/","title":{"rendered":"Tan\u0131t\u0131m bro\u015f\u00fcr\u00fc talep ediniz"},"content":{"rendered":"<!--themify_builder_content-->\n<div id=\"themify_builder_content-1208\" data-postid=\"1208\" class=\"themify_builder_content themify_builder_content-1208 themify_builder tf_clear\">\n    \t<!-- module_row -->\n\t<div  data-lazy=\"1\" class=\"module_row themify_builder_row tb_rlnp187 tb_first tf_clearfix\" >\n\t    \t\t<div class=\"row_inner col_align_top col-count-1 tf_box tf_w tf_rel\">\n\t\t\t<div  data-lazy=\"1\" class=\"module_column tb-column col-full first tb_w9m2189 tf_box\">\n\t\t\t    \t        <div class=\"tb-column-inner tf_box tf_w\">\n\t\t    <!-- module text -->\n<div  class=\"module module-text tb_f4ng851  repeat \" data-lazy=\"1\">\n        <div  class=\"tb_text_wrap\">\n    <h1 style=\"text-align: center;\">Gerne \u00fcbermitteln wir Ihnen weitere Informationen!<\/h1>\n<h2 style=\"text-align: center;\">Hierzu ben\u00f6tigen wir von Ihnen einige Angaben!<\/h2>    <\/div>\n<\/div>\n<!-- \/module text -->\t<div  data-lazy=\"1\" class=\"module_subrow themify_builder_sub_row tb_3fx434 tf_w tf_clearfix\">\n\t    \t\t<div class=\"subrow_inner col_align_top col-count-1 tf_box tf_w\">\n\t\t\t<div  data-lazy=\"1\" class=\"sub_column module_column tf_box col-full first tb_aqlw35\"> \n\t    \t    \t        <div class=\"tb-column-inner tf_box tf_w\">\n\t\t    <!-- module text -->\n<div  class=\"module module-text tb_a3n9466   \" data-lazy=\"1\">\n        <div  class=\"tb_text_wrap\">\n    <div class=\"wpforms-container wpforms-container-full\" id=\"wpforms-142\"><form id=\"wpforms-form-142\" class=\"wpforms-validate wpforms-form\" data-formid=\"142\" method=\"post\" enctype=\"multipart\/form-data\" action=\"\/tr\/wp-json\/wp\/v2\/pages\/1208\"><noscript class=\"wpforms-error-noscript\">Please enable JavaScript in your browser to complete this form.<\/noscript><div class=\"wpforms-field-container\"><div id=\"wpforms-142-field_1-container\" class=\"wpforms-field wpforms-field-select wpforms-mobile-full wpforms-field-select-style-modern\" data-field-id=\"1\"><label class=\"wpforms-field-label\" for=\"wpforms-142-field_1\">Hitap <span class=\"wpforms-required-label\">*<\/span><\/label><select id=\"wpforms-142-field_1\" class=\"wpforms-field-large wpforms-field-required choicesjs-select\" data-size-class=\"wpforms-field-row wpforms-field-large\" name=\"wpforms[fields][1]\" required=\"required\"><option value=\"\" class=\"placeholder\" disabled  selected='selected'>---<\/option><option value=\"---\" >---<\/option><option value=\"Say\u0131n\" >Say\u0131n<\/option><option value=\"Say\u0131n\" >Say\u0131n<\/option><option value=\"Dr.\" >Dr.<\/option><option value=\"Prof.\" >Prof.<\/option><option value=\"\u015eeyh\" >\u015eeyh<\/option><\/select><\/div><div id=\"wpforms-142-field_2-container\" class=\"wpforms-field wpforms-field-text wpforms-one-half wpforms-first wpforms-mobile-full\" data-field-id=\"2\"><label class=\"wpforms-field-label\" for=\"wpforms-142-field_2\">Ad\u0131 <span class=\"wpforms-required-label\">*<\/span><\/label><input type=\"text\" id=\"wpforms-142-field_2\" class=\"wpforms-field-large wpforms-field-required\" name=\"wpforms[fields][2]\" required><\/div><div id=\"wpforms-142-field_3-container\" class=\"wpforms-field wpforms-field-text wpforms-one-half wpforms-mobile-full\" data-field-id=\"3\"><label class=\"wpforms-field-label\" for=\"wpforms-142-field_3\">Soyad\u0131 <span class=\"wpforms-required-label\">*<\/span><\/label><input type=\"text\" id=\"wpforms-142-field_3\" class=\"wpforms-field-large wpforms-field-required\" name=\"wpforms[fields][3]\" required><\/div><div id=\"wpforms-142-field_4-container\" class=\"wpforms-field wpforms-field-text wpforms-one-half wpforms-first wpforms-mobile-full\" data-field-id=\"4\"><label class=\"wpforms-field-label\" for=\"wpforms-142-field_4\">Tabiiyeti <span class=\"wpforms-required-label\">*<\/span><\/label><input type=\"text\" id=\"wpforms-142-field_4\" class=\"wpforms-field-large wpforms-field-required\" name=\"wpforms[fields][4]\" required><\/div><div id=\"wpforms-142-field_5-container\" class=\"wpforms-field wpforms-field-text wpforms-one-half wpforms-mobile-full\" data-field-id=\"5\"><label class=\"wpforms-field-label\" for=\"wpforms-142-field_5\">\u00dclke <span class=\"wpforms-required-label\">*<\/span><\/label><input type=\"text\" id=\"wpforms-142-field_5\" class=\"wpforms-field-large wpforms-field-required\" name=\"wpforms[fields][5]\" required><\/div><div id=\"wpforms-142-field_6-container\" class=\"wpforms-field wpforms-field-email wpforms-mobile-full\" data-field-id=\"6\"><label class=\"wpforms-field-label\" for=\"wpforms-142-field_6\">E-Posta <span class=\"wpforms-required-label\">*<\/span><\/label><input type=\"email\" id=\"wpforms-142-field_6\" class=\"wpforms-field-large wpforms-field-required\" name=\"wpforms[fields][6]\" required><\/div><div id=\"wpforms-142-field_7-container\" class=\"wpforms-field wpforms-field-phone wpforms-mobile-full\" data-field-id=\"7\"><label class=\"wpforms-field-label\" for=\"wpforms-142-field_7\">Telefon numaras\u0131 <span class=\"wpforms-required-label\">*<\/span><\/label><input type=\"tel\" id=\"wpforms-142-field_7\" class=\"wpforms-field-large wpforms-field-required\" data-rule-int-phone-field=\"true\" name=\"wpforms[fields][7]\" required><\/div><div id=\"wpforms-142-field_8-container\" class=\"wpforms-field wpforms-field-text wpforms-mobile-full\" data-field-id=\"8\"><label class=\"wpforms-field-label\" for=\"wpforms-142-field_8\">\u015eirket<\/label><input type=\"text\" id=\"wpforms-142-field_8\" class=\"wpforms-field-large\" name=\"wpforms[fields][8]\" ><\/div><div id=\"wpforms-142-field_9-container\" class=\"wpforms-field wpforms-field-text wpforms-mobile-full\" data-field-id=\"9\"><label class=\"wpforms-field-label\" for=\"wpforms-142-field_9\">Konu <span class=\"wpforms-required-label\">*<\/span><\/label><input type=\"text\" id=\"wpforms-142-field_9\" class=\"wpforms-field-large wpforms-field-required\" name=\"wpforms[fields][9]\" required><\/div><div id=\"wpforms-142-field_10-container\" class=\"wpforms-field wpforms-field-textarea wpforms-mobile-full\" data-field-id=\"10\"><label class=\"wpforms-field-label\" for=\"wpforms-142-field_10\">Mesaj\u0131n\u0131z<\/label><textarea id=\"wpforms-142-field_10\" class=\"wpforms-field-large\" name=\"wpforms[fields][10]\" ><\/textarea><div class=\"wpforms-field-description\">BL\u00fctfen dikkat: ileti\u015fimimiz sadece Almanca, T\u00fcrk\u00e7e veya \u0130ngilizcedir. Anlay\u0131\u015f\u0131n\u0131z i\u00e7in te\u015fekk\u00fcr ederiz.<\/div><\/div><div id=\"wpforms-142-field_11-container\" class=\"wpforms-field wpforms-field-checkbox wpforms-one-half wpforms-first wpforms-mobile-full\" data-field-id=\"11\"><label class=\"wpforms-field-label\" for=\"wpforms-142-field_11\">Veri G\u00fcvenli\u011fi <span class=\"wpforms-required-label\">*<\/span><\/label><ul id=\"wpforms-142-field_11\" class=\"wpforms-field-required\"><li class=\"choice-1 depth-1\"><input type=\"checkbox\" id=\"wpforms-142-field_11_1\" name=\"wpforms[fields][11][]\" value=\"Veri G\u00fcvenli\u011fi Direktifini kabul ediyorum\" required ><label class=\"wpforms-field-label-inline\" for=\"wpforms-142-field_11_1\">Veri G\u00fcvenli\u011fi Direktifini kabul ediyorum<\/label><\/li><\/ul><\/div><div id=\"wpforms-142-field_12-container\" class=\"wpforms-field wpforms-field-captcha wpforms-mobile-full wpforms-one-half\" data-field-id=\"12\">\t\t\t<div class=\"wpforms-captcha-math\">\n\t\t\t\t<span class=\"wpforms-captcha-equation\">\n\t\t\t\t\t<span class=\"n1\"><\/span>\n\t\t\t\t\t<span class=\"cal\"><\/span>\n\t\t\t\t\t<span class=\"n2\"><\/span>\n\t\t\t\t\t<span class=\"e\">=<\/span>\n\t\t\t\t<\/span>\n\t\t\t\t<input type=\"text\" id=\"wpforms-142-field_12\" class=\"wpforms-field-medium wpforms-field-required a\" data-rule-wpf-captcha=\"math\" name=\"wpforms[fields][12][a]\" required>\t\t\t\t<input type=\"hidden\" name=\"wpforms[fields][12][cal]\" class=\"cal\">\n\t\t\t\t<input type=\"hidden\" name=\"wpforms[fields][12][n2]\" class=\"n2\">\n\t\t\t\t<input type=\"hidden\" name=\"wpforms[fields][12][n1]\" class=\"n1\">\n\t\t\t<\/div>\n\t\t\t<\/div><\/div><div class=\"wpforms-field wpforms-field-hp\"><label for=\"wpforms-142-field-hp\" class=\"wpforms-field-label\">Email<\/label><input type=\"text\" name=\"wpforms[hp]\" id=\"wpforms-142-field-hp\" class=\"wpforms-field-medium\"><\/div><div class=\"wpforms-submit-container\" ><input type=\"hidden\" name=\"wpforms[id]\" value=\"142\"><input type=\"hidden\" name=\"wpforms[author]\" value=\"2\"><button type=\"submit\" name=\"wpforms[submit]\" class=\"wpforms-submit \" id=\"wpforms-submit-142\" value=\"wpforms-submit\" aria-live=\"assertive\" data-alt-text=\"Sending...\" data-submit-text=\"G\u00f6nder\">G\u00f6nder<\/button><\/div><\/form><\/div>  <!-- .wpforms-container -->    <\/div>\n<\/div>\n<!-- \/module text -->\t        <\/div>\n\t    \t<\/div>\n\t\t    <\/div>\n\t<\/div><!-- \/themify_builder_sub_row -->\n\t\t        <\/div>\n\t    \t<\/div>\n\t\t    <\/div>\n\t    <!-- \/row_inner -->\n\t<\/div>\n\t<!-- \/module_row -->\n\t<\/div>\n<!--\/themify_builder_content-->","protected":false},"excerpt":{"rendered":"<p>Gerne \u00fcbermitteln wir Ihnen weitere Informationen! Hierzu ben\u00f6tigen wir von Ihnen einige Angaben!<\/p>\n","protected":false},"author":2,"featured_media":0,"parent":0,"menu_order":0,"comment_status":"closed","ping_status":"closed","template":"","meta":[],"yoast_head":"<!-- This site is optimized with the Yoast SEO Premium plugin v15.9 - https:\/\/yoast.com\/wordpress\/plugins\/seo\/ -->\n<title>Tan\u0131t\u0131m bro\u015f\u00fcr\u00fc talep ediniz - ifi4you<\/title>\n<meta name=\"robots\" content=\"index, follow, max-snippet:-1, max-image-preview:large, max-video-preview:-1\" \/>\n<link rel=\"canonical\" href=\"https:\/\/www.ifi4you.com\/tr\/tanitim-brosuru-talep-ediniz\/\" \/>\n<meta property=\"og:locale\" content=\"en_US\" \/>\n<meta property=\"og:type\" content=\"article\" \/>\n<meta property=\"og:title\" content=\"Tan\u0131t\u0131m bro\u015f\u00fcr\u00fc talep ediniz - ifi4you\" \/>\n<meta property=\"og:description\" content=\"Gerne \u00fcbermitteln wir Ihnen weitere Informationen! Hierzu ben\u00f6tigen wir von Ihnen einige Angaben!\" \/>\n<meta property=\"og:url\" content=\"https:\/\/www.ifi4you.com\/tr\/tanitim-brosuru-talep-ediniz\/\" \/>\n<meta property=\"og:site_name\" content=\"ifi4you\" \/>\n<meta property=\"article:modified_time\" content=\"2021-02-24T08:38:59+00:00\" \/>\n<meta name=\"twitter:card\" content=\"summary_large_image\" \/>\n<script type=\"application\/ld+json\" class=\"yoast-schema-graph\">{\"@context\":\"https:\/\/schema.org\",\"@graph\":[{\"@type\":\"WebSite\",\"@id\":\"https:\/\/ifi4you.com\/tr\/#website\",\"url\":\"https:\/\/ifi4you.com\/tr\/\",\"name\":\"ifi4you\",\"description\":\"\",\"potentialAction\":[{\"@type\":\"SearchAction\",\"target\":\"https:\/\/ifi4you.com\/tr\/?s={search_term_string}\",\"query-input\":\"required name=search_term_string\"}],\"inLanguage\":\"en-US\"},{\"@type\":\"WebPage\",\"@id\":\"https:\/\/www.ifi4you.com\/tr\/tanitim-brosuru-talep-ediniz\/#webpage\",\"url\":\"https:\/\/www.ifi4you.com\/tr\/tanitim-brosuru-talep-ediniz\/\",\"name\":\"Tan\\u0131t\\u0131m bro\\u015f\\u00fcr\\u00fc talep ediniz - ifi4you\",\"isPartOf\":{\"@id\":\"https:\/\/ifi4you.com\/tr\/#website\"},\"datePublished\":\"2021-02-24T05:59:08+00:00\",\"dateModified\":\"2021-02-24T08:38:59+00:00\",\"breadcrumb\":{\"@id\":\"https:\/\/www.ifi4you.com\/tr\/tanitim-brosuru-talep-ediniz\/#breadcrumb\"},\"inLanguage\":\"en-US\",\"potentialAction\":[{\"@type\":\"ReadAction\",\"target\":[\"https:\/\/www.ifi4you.com\/tr\/tanitim-brosuru-talep-ediniz\/\"]}]},{\"@type\":\"BreadcrumbList\",\"@id\":\"https:\/\/www.ifi4you.com\/tr\/tanitim-brosuru-talep-ediniz\/#breadcrumb\",\"itemListElement\":[{\"@type\":\"ListItem\",\"position\":1,\"item\":{\"@type\":\"WebPage\",\"@id\":\"https:\/\/www.ifi4you.com\/tr\/\",\"url\":\"https:\/\/www.ifi4you.com\/tr\/\",\"name\":\"Home\"}},{\"@type\":\"ListItem\",\"position\":2,\"item\":{\"@type\":\"WebPage\",\"@id\":\"https:\/\/www.ifi4you.com\/tr\/tanitim-brosuru-talep-ediniz\/\",\"url\":\"https:\/\/www.ifi4you.com\/tr\/tanitim-brosuru-talep-ediniz\/\",\"name\":\"Tan\\u0131t\\u0131m bro\\u015f\\u00fcr\\u00fc talep ediniz\"}}]}]}<\/script>\n<!-- \/ Yoast SEO Premium plugin. -->","builder_content":"<h1 style=\"text-align: center;\">Gerne \u00fcbermitteln wir Ihnen weitere Informationen!<\/h1> <h2 style=\"text-align: center;\">Hierzu ben\u00f6tigen wir von Ihnen einige Angaben!<\/h2>\n<p>[wpforms id=\"142\"]<\/p>","_links":{"self":[{"href":"https:\/\/ifi4you.com\/tr\/wp-json\/wp\/v2\/pages\/1208"}],"collection":[{"href":"https:\/\/ifi4you.com\/tr\/wp-json\/wp\/v2\/pages"}],"about":[{"href":"https:\/\/ifi4you.com\/tr\/wp-json\/wp\/v2\/types\/page"}],"author":[{"embeddable":true,"href":"https:\/\/ifi4you.com\/tr\/wp-json\/wp\/v2\/users\/2"}],"replies":[{"embeddable":true,"href":"https:\/\/ifi4you.com\/tr\/wp-json\/wp\/v2\/comments?post=1208"}],"version-history":[{"count":7,"href":"https:\/\/ifi4you.com\/tr\/wp-json\/wp\/v2\/pages\/1208\/revisions"}],"predecessor-version":[{"id":1218,"href":"https:\/\/ifi4you.com\/tr\/wp-json\/wp\/v2\/pages\/1208\/revisions\/1218"}],"wp:attachment":[{"href":"https:\/\/ifi4you.com\/tr\/wp-json\/wp\/v2\/media?parent=1208"}],"curies":[{"name":"wp","href":"https:\/\/api.w.org\/{rel}","templated":true}]}}